{"id":624,"date":"2024-11-19T16:27:22","date_gmt":"2024-11-19T16:27:22","guid":{"rendered":"https:\/\/excellenceup.es\/?page_id=624"},"modified":"2025-10-27T12:01:04","modified_gmt":"2025-10-27T12:01:04","slug":"inicio","status":"publish","type":"page","link":"https:\/\/excellenceup.es\/en\/","title":{"rendered":"Inicio"},"content":{"rendered":"<p><!-- Google Tag Manager --><br \/>\n<script>(function(w,d,s,l,i){w[l]=w[l]||[];w[l].push({'gtm.start':<br \/>\nnew Date().getTime(),event:'gtm.js'});var f=d.getElementsByTagName(s)[0],<br \/>\nj=d.createElement(s),dl=l!='dataLayer'?'&l='+l:'';j.async=true;j.src=<br \/>\n'https:\/\/www.googletagmanager.com\/gtm.js?id='+i+dl;f.parentNode.insertBefore(j,f);<br \/>\n})(window,document,'script','dataLayer','GTM-MGGXN228');<\/script><br \/>\n<!-- End Google Tag Manager --><\/p>\n\n\n<div class=\"wp-block-uagb-container uagb-block-52ca4f48 alignfull uagb-is-root-container\"><div class=\"uagb-container-inner-blocks-wrap\">\n<div class=\"wp-block-uagb-info-box uagb-block-f2db8357 uagb-infobox__content-wrap  uagb-infobox-icon-above-title uagb-infobox-image-valign-top wp-block-uagb-info-box--has-margin\"><div class=\"uagb-infobox-margin-wrapper\"><div class=\"uagb-ifb-content\"><div class=\"uagb-ifb-title-wrap\"><h1 class=\"uagb-ifb-title-prefix\">Excelencia real, <br>resultados medibles, <br>equipos comprometidos.<\/h1><h3 class=\"uagb-ifb-title\"><strong>Ayudo a construir culturas s\u00f3lidas, implantar sistemas eficaces y cumplir con los m\u00e1s altos est\u00e1ndares.<\/strong><\/h3><\/div><\/div><\/div><\/div>\n<\/div><\/div>\n\n\n\n<div class=\"wp-block-uagb-container uagb-block-02ca623c alignfull uagb-is-root-container\"><div class=\"uagb-container-inner-blocks-wrap\"><\/div><\/div>\n\n\n\n<div class=\"wp-block-uagb-container uagb-block-7062eb47 alignfull uagb-is-root-container\"><div class=\"uagb-container-inner-blocks-wrap\">\n<div class=\"wp-block-uagb-container uagb-block-c8161a73\">\n<div class=\"wp-block-uagb-info-box uagb-block-a4882aea uagb-infobox__content-wrap  uagb-infobox-icon-above-title uagb-infobox-image-valign-top\"><div class=\"uagb-ifb-content\"><div class=\"uagb-ifb-title-wrap\"><h2 class=\"uagb-ifb-title\">\u00bfQu\u00e9 puedo hacer por t\u00ed?<\/h2><\/div><p class=\"uagb-ifb-desc\">Te acompa\u00f1o a construir una organizaci\u00f3n m\u00e1s eficiente, comprometida y sostenible.<br>Cada servicio est\u00e1 dise\u00f1ado para generar resultados reales, integrando personas, procesos y prop\u00f3sito.<br><br><strong>Mi enfoque formativo no solo transmite conocimientos t\u00e9cnicos, sino que tambi\u00e9n integra herramientas de coaching para potenciar habilidades personales y fomentar una mentalidad de mejora continua. <\/strong><\/p><\/div><\/div>\n\n\n\n<div class=\"wp-block-uagb-container uagb-block-4f31b68e\">\n<div class=\"wp-block-uagb-container uagb-block-feaadeb0\">\n<div class=\"wp-block-uagb-info-box uagb-block-e287929d uagb-infobox__content-wrap  uagb-infobox-icon-above-title uagb-infobox-image-valign-top wp-block-uagb-info-box--has-margin\"><div class=\"uagb-infobox-margin-wrapper\"><div class=\"uagb-ifb-content\"><div class=\"uagb-ifb-title-wrap\"><h2 class=\"uagb-ifb-title\">Cultura Organizacional y Liderazgo<\/h2><\/div><div class=\"uagb-ifb-separator\"><\/div><p class=\"uagb-ifb-desc\">Fortalezco la cultura de tu empresa para que la excelencia forme parte del d\u00eda a d\u00eda.<br>Trabajo contigo y tu equipo en liderazgo, valores, comunicaci\u00f3n y alineamiento estrat\u00e9gico, creando entornos donde las personas se implican y los resultados se sostienen.<\/p><div class=\"uagb-ifb-button-wrapper wp-block-button\"><a href=\"https:\/\/excellenceup.es\/solucionesquetransforman\/\" class=\"uagb-infobox-cta-link ast-outline-button\" target=\"_self\" rel=\"noopener noreferrer\" style=\"border-width:revert-layer\" onclick=\"return true;\"><span class=\"uagb-inline-editing\">Saber m\u00e1s<\/span><\/a><\/div><\/div><\/div><\/div>\n<\/div>\n\n\n\n<div class=\"wp-block-uagb-container uagb-block-9eaff513\">\n<div class=\"wp-block-uagb-info-box uagb-block-75666476 uagb-infobox__content-wrap  uagb-infobox-icon-above-title uagb-infobox-image-valign-top wp-block-uagb-info-box--has-margin\"><div class=\"uagb-infobox-margin-wrapper\"><div class=\"uagb-ifb-content\"><div class=\"uagb-ifb-title-wrap\"><h2 class=\"uagb-ifb-title\">Gesti\u00f3n de la Calidad y Mejora Continua<\/h2><\/div><div class=\"uagb-ifb-separator\"><\/div><p class=\"uagb-ifb-desc\">Ayudo a optimizar tus sistemas de gesti\u00f3n de calidad (ISO 9001, ISO 14001, GLOBAL G.A.P., entre muchos otros)  y a dise\u00f1ar estrategias efectivas para cumplir normativas espec\u00edficas de tu sector. Te ayudo a consolidar la mejora continua como un h\u00e1bito organizacional, no como un requisito.<\/p><div class=\"uagb-ifb-button-wrapper wp-block-button\"><a href=\"https:\/\/excellenceup.es\/solucionesquetransforman\/\" class=\"uagb-infobox-cta-link ast-outline-button\" target=\"_self\" rel=\"noopener noreferrer\" style=\"border-width:revert-layer\" onclick=\"return true;\"><span class=\"uagb-inline-editing\">Saber m\u00e1s<\/span><\/a><\/div><\/div><\/div><\/div>\n<\/div>\n\n\n\n<div class=\"wp-block-uagb-container uagb-block-4659d520\">\n<div class=\"wp-block-uagb-info-box uagb-block-7fb43800 uagb-infobox__content-wrap  uagb-infobox-icon-above-title uagb-infobox-image-valign-top\"><div class=\"uagb-ifb-content\"><div class=\"uagb-ifb-title-wrap\"><h2 class=\"uagb-ifb-title\">Regulatory en Cosm\u00e9tica<\/h2><\/div><div class=\"uagb-ifb-separator\"><\/div><p class=\"uagb-ifb-desc\">Acompa\u00f1o a marcas cosm\u00e9ticas en todo el proceso de cumplimiento normativo: desde el desarrollo de productos hasta la documentaci\u00f3n t\u00e9cnica.<br>Garantizo que tu marca crezca con seguridad, rigor y confianza.<\/p><div class=\"uagb-ifb-button-wrapper wp-block-button\"><a href=\"https:\/\/excellenceup.es\/solucionesquetransforman\/\" class=\"uagb-infobox-cta-link ast-outline-button\" target=\"_self\" rel=\"noopener noreferrer\" style=\"border-width:revert-layer\" onclick=\"return true;\"><span class=\"uagb-inline-editing\">Saber m\u00e1s<\/span><\/a><\/div><\/div><\/div>\n<\/div>\n<\/div>\n\n\n\n<div class=\"wp-block-uagb-container uagb-layout-grid uagb-block-8830fa93\"><\/div>\n<\/div>\n<\/div><\/div>\n\n\n\n<div class=\"wp-block-uagb-container uagb-block-931426aa alignfull uagb-is-root-container\"><div class=\"uagb-container-inner-blocks-wrap\">\n<div class=\"wp-block-uagb-container uagb-block-b7fbe764\">\n<div class=\"wp-block-uagb-container uagb-block-31e91a4f\">\n<div class=\"wp-block-uagb-info-box uagb-block-86cd2f37 uagb-infobox__content-wrap  uagb-infobox-icon-above-title uagb-infobox-image-valign-top wp-block-uagb-info-box--has-margin\"><div class=\"uagb-infobox-margin-wrapper\"><div class=\"uagb-ifb-content\"><div class=\"uagb-ifb-title-wrap\"><h2 class=\"uagb-ifb-title\">Mi historia<\/h2><\/div><p class=\"uagb-ifb-desc\">Desde que me licenci\u00e9 en Ciencias Qu\u00edmicas, descubr\u00ed mi pasi\u00f3n por la calidad y por su capacidad de impulsar el crecimiento, la confianza y la excelencia empresarial.<br>A lo largo de m\u00e1s de 20 a\u00f1os, he tenido la oportunidad de liderar y fortalecer departamentos de Calidad e I+D en diferentes sectores, lo que me ha permitido desarrollar una visi\u00f3n integral de la excelencia: aquella que une personas, procesos y prop\u00f3sito.<br>He aprendido que la calidad no se limita a cumplir normas o mantener procesos eficientes; la verdadera calidad nace de las personas que los hacen posibles.<br>Esa convicci\u00f3n me llev\u00f3 a especializarme en cultura organizacional, liderazgo y mejora continua, integrando metodolog\u00edas que conectan la estrategia con el compromiso de los equipos.<br>Hoy, mi misi\u00f3n es acompa\u00f1ar a las empresas a construir culturas s\u00f3lidas, implantar sistemas eficaces y cumplir con los m\u00e1s altos est\u00e1ndares, especialmente en sectores regulados como puede ser el cosm\u00e9tico.<br>Mi objetivo: que la calidad se convierta en un valor esencial y sostenible, transformando no solo los procesos, sino la forma en que las organizaciones crecen, lideran y aprenden.<\/p><div class=\"uagb-ifb-button-wrapper wp-block-button\"><a href=\"sobre-mi\/\" class=\"uagb-infobox-cta-link wp-block-button__link\" target=\"_self\" rel=\"noopener noreferrer\" onclick=\"return true;\"><span class=\"uagb-inline-editing\">M\u00c1S SOBRE GEMMA GASA<\/span><\/a><\/div><\/div><\/div><\/div>\n<\/div>\n\n\n\n<div class=\"wp-block-uagb-image alignleft uagb-block-01586e45 wp-block-uagb-image--layout-default wp-block-uagb-image--effect-static wp-block-uagb-image--align-left alignright\"><figure class=\"wp-block-uagb-image__figure\"><img loading=\"lazy\" decoding=\"async\" srcset=\"https:\/\/excellenceup.es\/wp-content\/uploads\/2024\/12\/WhatsApp-Image-2024-12-31-at-18.03.52-1-768x1024.jpeg ,https:\/\/excellenceup.es\/wp-content\/uploads\/2024\/12\/WhatsApp-Image-2024-12-31-at-18.03.52-1.jpeg 780w, https:\/\/excellenceup.es\/wp-content\/uploads\/2024\/12\/WhatsApp-Image-2024-12-31-at-18.03.52-1.jpeg 360w\" sizes=\"auto, (max-width: 480px) 150px\" src=\"https:\/\/excellenceup.es\/wp-content\/uploads\/2024\/12\/WhatsApp-Image-2024-12-31-at-18.03.52-1-768x1024.jpeg\" alt=\"\" class=\"uag-image-7480\" width=\"444\" height=\"614\" title=\"WhatsApp Image 2024-12-31 at 18.03.52 (1)\" loading=\"lazy\" role=\"img\"\/><\/figure><\/div>\n<\/div>\n<\/div><\/div>\n\n\n\n<div class=\"wp-block-buttons is-layout-flex wp-block-buttons-is-layout-flex\"><\/div>\n\n\n\n<p><\/p>\n\n\n<p><!-- Google Tag Manager (noscript) --><br \/>\n<noscript><iframe src=\"https:\/\/www.googletagmanager.com\/ns.html?id=GTM-MGGXN228\"\nheight=\"0\" width=\"0\" style=\"display:none;visibility:hidden\"><\/iframe><\/noscript><br \/>\n<!-- End Google Tag Manager (noscript) --><\/p>","protected":false},"excerpt":{"rendered":"","protected":false},"author":1,"featured_media":7710,"parent":0,"menu_order":0,"comment_status":"closed","ping_status":"closed","template":"elementor_header_footer","meta":{"_uag_custom_page_level_css":"","site-sidebar-layout":"no-sidebar","site-content-layout":"page-builder","ast-site-content-layout":"full-width-container","site-content-style":"unboxed","site-sidebar-style":"unboxed","ast-global-header-display":"","ast-banner-title-visibility":"","ast-main-header-display":"","ast-hfb-above-header-display":"","ast-hfb-below-header-display":"","ast-hfb-mobile-header-display":"","site-post-title":"disabled","ast-breadcrumbs-content":"","ast-featured-img":"disabled","footer-sml-layout":"","theme-transparent-header-meta":"default","adv-header-id-meta":"","stick-header-meta":"","header-above-stick-meta":"","header-main-stick-meta":"","header-below-stick-meta":"","astra-migrate-meta-layouts":"set","ast-page-background-enabled":"default","ast-page-background-meta":{"desktop":{"background-color":"","background-image":"","background-repeat":"repeat","background-position":"center center","background-size":"auto","background-attachment":"scroll","background-type":"","background-media":"","overlay-type":"","overlay-color":"","overlay-opacity":"","overlay-gradient":""},"tablet":{"background-color":"","background-image":"","background-repeat":"repeat","background-position":"center center","background-size":"auto","background-attachment":"scroll","background-type":"","background-media":"","overlay-type":"","overlay-color":"","overlay-opacity":"","overlay-gradient":""},"mobile":{"background-color":"","background-image":"","background-repeat":"repeat","background-position":"center center","background-size":"auto","background-attachment":"scroll","background-type":"","background-media":"","overlay-type":"","overlay-color":"","overlay-opacity":"","overlay-gradient":""}},"ast-content-background-meta":{"desktop":{"background-color":"var(--ast-global-color-5)","background-image":"","background-repeat":"repeat","background-position":"center center","background-size":"auto","background-attachment":"scroll","background-type":"","background-media":"","overlay-type":"","overlay-color":"","overlay-opacity":"","overlay-gradient":""},"tablet":{"background-color":"var(--ast-global-color-5)","background-image":"","background-repeat":"repeat","background-position":"center center","background-size":"auto","background-attachment":"scroll","background-type":"","background-media":"","overlay-type":"","overlay-color":"","overlay-opacity":"","overlay-gradient":""},"mobile":{"background-color":"var(--ast-global-color-5)","background-image":"","background-repeat":"repeat","background-position":"center center","background-size":"auto","background-attachment":"scroll","background-type":"","background-media":"","overlay-type":"","overlay-color":"","overlay-opacity":"","overlay-gradient":""}},"footnotes":""},"class_list":["post-624","page","type-page","status-publish","has-post-thumbnail","hentry"],"yoast_head":"<!-- This site is optimized with the Yoast SEO plugin v26.4 - https:\/\/yoast.com\/wordpress\/plugins\/seo\/ -->\n<title>Inicio<\/title>\n<meta name=\"description\" content=\"Excelencia real, resultados medibles, equipos comprometidos. Construye culturas s\u00f3lidas y \u00a1haz crecer tu equipo hacia el \u00e9xito!\" \/>\n<meta name=\"robots\" content=\"index, follow, max-snippet:-1, max-image-preview:large, max-video-preview:-1\" \/>\n<link rel=\"canonical\" href=\"https:\/\/excellenceup.es\/en\/\" \/>\n<meta property=\"og:locale\" content=\"en_GB\" \/>\n<meta property=\"og:locale:alternate\" content=\"es_ES\" \/>\n<meta property=\"og:type\" content=\"article\" \/>\n<meta property=\"og:title\" content=\"Ayudo a construir culturas s\u00f3lidas y cumplir con los m\u00e1s altos est\u00e1ndares.\" \/>\n<meta property=\"og:description\" content=\"Excelencia real, resultados medibles, equipos comprometidos. Construye culturas s\u00f3lidas y \u00a1haz crecer tu equipo hacia el \u00e9xito!\" \/>\n<meta property=\"og:url\" content=\"https:\/\/excellenceup.es\/en\/\" \/>\n<meta property=\"og:site_name\" content=\"excellenceup.es\" \/>\n<meta property=\"article:modified_time\" content=\"2025-10-27T12:01:04+00:00\" \/>\n<meta property=\"og:image\" content=\"https:\/\/excellenceup.es\/wp-content\/uploads\/2025\/10\/cropped-Logo-circular-ExcellenceUP.png\" \/>\n\t<meta property=\"og:image:width\" content=\"512\" \/>\n\t<meta property=\"og:image:height\" content=\"512\" \/>\n\t<meta property=\"og:image:type\" content=\"image\/png\" \/>\n<meta name=\"twitter:card\" content=\"summary_large_image\" \/>\n<meta name=\"twitter:site\" content=\"@gemmagasa\" \/>\n<meta name=\"twitter:label1\" content=\"Estimated reading time\" \/>\n\t<meta name=\"twitter:data1\" content=\"3 minutes\" \/>\n<script type=\"application\/ld+json\" class=\"yoast-schema-graph\">{\"@context\":\"https:\/\/schema.org\",\"@graph\":[{\"@type\":\"WebPage\",\"@id\":\"https:\/\/excellenceup.es\/\",\"url\":\"https:\/\/excellenceup.es\/\",\"name\":\"Inicio\",\"isPartOf\":{\"@id\":\"https:\/\/excellenceup.es\/#website\"},\"primaryImageOfPage\":{\"@id\":\"https:\/\/excellenceup.es\/#primaryimage\"},\"image\":{\"@id\":\"https:\/\/excellenceup.es\/#primaryimage\"},\"thumbnailUrl\":\"https:\/\/excellenceup.es\/wp-content\/uploads\/2025\/10\/g109b9f7123ea69ee8b7847091d3e93ad11a124b9bb0ee7f4effbe0852eb56b120fe8521d699fa0890eea7f64a9c9926100a5010f3eac05ca792b55d9f450e9ba_1280-1807524.jpg\",\"datePublished\":\"2024-11-19T16:27:22+00:00\",\"dateModified\":\"2025-10-27T12:01:04+00:00\",\"description\":\"Excelencia real, resultados medibles, equipos comprometidos. Construye culturas s\u00f3lidas y \u00a1haz crecer tu equipo hacia el \u00e9xito!\",\"breadcrumb\":{\"@id\":\"https:\/\/excellenceup.es\/#breadcrumb\"},\"inLanguage\":\"en-GB\",\"potentialAction\":[{\"@type\":\"ReadAction\",\"target\":[\"https:\/\/excellenceup.es\/\"]}]},{\"@type\":\"ImageObject\",\"inLanguage\":\"en-GB\",\"@id\":\"https:\/\/excellenceup.es\/#primaryimage\",\"url\":\"https:\/\/excellenceup.es\/wp-content\/uploads\/2025\/10\/g109b9f7123ea69ee8b7847091d3e93ad11a124b9bb0ee7f4effbe0852eb56b120fe8521d699fa0890eea7f64a9c9926100a5010f3eac05ca792b55d9f450e9ba_1280-1807524.jpg\",\"contentUrl\":\"https:\/\/excellenceup.es\/wp-content\/uploads\/2025\/10\/g109b9f7123ea69ee8b7847091d3e93ad11a124b9bb0ee7f4effbe0852eb56b120fe8521d699fa0890eea7f64a9c9926100a5010f3eac05ca792b55d9f450e9ba_1280-1807524.jpg\",\"width\":1280,\"height\":785,\"caption\":\"Ayudar a empresas a alcanzar la excelencia\"},{\"@type\":\"BreadcrumbList\",\"@id\":\"https:\/\/excellenceup.es\/#breadcrumb\",\"itemListElement\":[{\"@type\":\"ListItem\",\"position\":1,\"name\":\"Home\",\"item\":\"https:\/\/excellenceup.es\/\"},{\"@type\":\"ListItem\",\"position\":2,\"name\":\"Inicio\"}]},{\"@type\":\"WebSite\",\"@id\":\"https:\/\/excellenceup.es\/#website\",\"url\":\"https:\/\/excellenceup.es\/\",\"name\":\"excellenceup.es\",\"description\":\"Coach en Gesti\u00f3n de Calidad\",\"publisher\":{\"@id\":\"https:\/\/excellenceup.es\/#\/schema\/person\/3b59ca4f862283a74c7ee67c64dbfe77\"},\"alternateName\":\"GemmaGasa\",\"potentialAction\":[{\"@type\":\"SearchAction\",\"target\":{\"@type\":\"EntryPoint\",\"urlTemplate\":\"https:\/\/excellenceup.es\/?s={search_term_string}\"},\"query-input\":{\"@type\":\"PropertyValueSpecification\",\"valueRequired\":true,\"valueName\":\"search_term_string\"}}],\"inLanguage\":\"en-GB\"},{\"@type\":[\"Person\",\"Organization\"],\"@id\":\"https:\/\/excellenceup.es\/#\/schema\/person\/3b59ca4f862283a74c7ee67c64dbfe77\",\"name\":\"gemma.gasa@excellenceup.es\",\"image\":{\"@type\":\"ImageObject\",\"inLanguage\":\"en-GB\",\"@id\":\"https:\/\/excellenceup.es\/#\/schema\/person\/image\/\",\"url\":\"https:\/\/excellenceup.es\/wp-content\/uploads\/2025\/10\/cropped-Logo-ExcelleceUP-1.png\",\"contentUrl\":\"https:\/\/excellenceup.es\/wp-content\/uploads\/2025\/10\/cropped-Logo-ExcelleceUP-1.png\",\"width\":310,\"height\":194,\"caption\":\"gemma.gasa@excellenceup.es\"},\"logo\":{\"@id\":\"https:\/\/excellenceup.es\/#\/schema\/person\/image\/\"},\"sameAs\":[\"http:\/\/excellenceup.es\"]}]}<\/script>\n<!-- \/ Yoast SEO plugin. -->","yoast_head_json":{"title":"Inicio","description":"Excelencia real, resultados medibles, equipos comprometidos. Construye culturas s\u00f3lidas y \u00a1haz crecer tu equipo hacia el \u00e9xito!","robots":{"index":"index","follow":"follow","max-snippet":"max-snippet:-1","max-image-preview":"max-image-preview:large","max-video-preview":"max-video-preview:-1"},"canonical":"https:\/\/excellenceup.es\/en\/","og_locale":"en_GB","og_type":"article","og_title":"[:es]Ayudo a construir culturas s\u00f3lidas y cumplir con los m\u00e1s altos est\u00e1ndares.[:]","og_description":"[:es]Excelencia real, resultados medibles, equipos comprometidos. Construye culturas s\u00f3lidas y \u00a1haz crecer tu equipo hacia el \u00e9xito![:]","og_url":"https:\/\/excellenceup.es\/en\/","og_site_name":"excellenceup.es","article_modified_time":"2025-10-27T12:01:04+00:00","og_image":[{"width":512,"height":512,"url":"https:\/\/excellenceup.es\/wp-content\/uploads\/2025\/10\/cropped-Logo-circular-ExcellenceUP.png","type":"image\/png"}],"twitter_card":"summary_large_image","twitter_site":"@gemmagasa","twitter_misc":{"Estimated reading time":"3 minutes"},"schema":{"@context":"https:\/\/schema.org","@graph":[{"@type":"WebPage","@id":"https:\/\/excellenceup.es\/","url":"https:\/\/excellenceup.es\/","name":"Inicio","isPartOf":{"@id":"https:\/\/excellenceup.es\/#website"},"primaryImageOfPage":{"@id":"https:\/\/excellenceup.es\/#primaryimage"},"image":{"@id":"https:\/\/excellenceup.es\/#primaryimage"},"thumbnailUrl":"https:\/\/excellenceup.es\/wp-content\/uploads\/2025\/10\/g109b9f7123ea69ee8b7847091d3e93ad11a124b9bb0ee7f4effbe0852eb56b120fe8521d699fa0890eea7f64a9c9926100a5010f3eac05ca792b55d9f450e9ba_1280-1807524.jpg","datePublished":"2024-11-19T16:27:22+00:00","dateModified":"2025-10-27T12:01:04+00:00","description":"Excelencia real, resultados medibles, equipos comprometidos. Construye culturas s\u00f3lidas y \u00a1haz crecer tu equipo hacia el \u00e9xito!","breadcrumb":{"@id":"https:\/\/excellenceup.es\/#breadcrumb"},"inLanguage":"en-GB","potentialAction":[{"@type":"ReadAction","target":["https:\/\/excellenceup.es\/"]}]},{"@type":"ImageObject","inLanguage":"en-GB","@id":"https:\/\/excellenceup.es\/#primaryimage","url":"https:\/\/excellenceup.es\/wp-content\/uploads\/2025\/10\/g109b9f7123ea69ee8b7847091d3e93ad11a124b9bb0ee7f4effbe0852eb56b120fe8521d699fa0890eea7f64a9c9926100a5010f3eac05ca792b55d9f450e9ba_1280-1807524.jpg","contentUrl":"https:\/\/excellenceup.es\/wp-content\/uploads\/2025\/10\/g109b9f7123ea69ee8b7847091d3e93ad11a124b9bb0ee7f4effbe0852eb56b120fe8521d699fa0890eea7f64a9c9926100a5010f3eac05ca792b55d9f450e9ba_1280-1807524.jpg","width":1280,"height":785,"caption":"Ayudar a empresas a alcanzar la excelencia"},{"@type":"BreadcrumbList","@id":"https:\/\/excellenceup.es\/#breadcrumb","itemListElement":[{"@type":"ListItem","position":1,"name":"Home","item":"https:\/\/excellenceup.es\/"},{"@type":"ListItem","position":2,"name":"Inicio"}]},{"@type":"WebSite","@id":"https:\/\/excellenceup.es\/#website","url":"https:\/\/excellenceup.es\/","name":"excellenceup.es","description":"Coach en Gesti\u00f3n de Calidad","publisher":{"@id":"https:\/\/excellenceup.es\/#\/schema\/person\/3b59ca4f862283a74c7ee67c64dbfe77"},"alternateName":"GemmaGasa","potentialAction":[{"@type":"SearchAction","target":{"@type":"EntryPoint","urlTemplate":"https:\/\/excellenceup.es\/?s={search_term_string}"},"query-input":{"@type":"PropertyValueSpecification","valueRequired":true,"valueName":"search_term_string"}}],"inLanguage":"en-GB"},{"@type":["Person","Organization"],"@id":"https:\/\/excellenceup.es\/#\/schema\/person\/3b59ca4f862283a74c7ee67c64dbfe77","name":"gemma.gasa@excellenceup.es","image":{"@type":"ImageObject","inLanguage":"en-GB","@id":"https:\/\/excellenceup.es\/#\/schema\/person\/image\/","url":"https:\/\/excellenceup.es\/wp-content\/uploads\/2025\/10\/cropped-Logo-ExcelleceUP-1.png","contentUrl":"https:\/\/excellenceup.es\/wp-content\/uploads\/2025\/10\/cropped-Logo-ExcelleceUP-1.png","width":310,"height":194,"caption":"gemma.gasa@excellenceup.es"},"logo":{"@id":"https:\/\/excellenceup.es\/#\/schema\/person\/image\/"},"sameAs":["http:\/\/excellenceup.es"]}]}},"uagb_featured_image_src":{"full":["https:\/\/excellenceup.es\/wp-content\/uploads\/2025\/10\/g109b9f7123ea69ee8b7847091d3e93ad11a124b9bb0ee7f4effbe0852eb56b120fe8521d699fa0890eea7f64a9c9926100a5010f3eac05ca792b55d9f450e9ba_1280-1807524.jpg",1280,785,false],"thumbnail":["https:\/\/excellenceup.es\/wp-content\/uploads\/2025\/10\/g109b9f7123ea69ee8b7847091d3e93ad11a124b9bb0ee7f4effbe0852eb56b120fe8521d699fa0890eea7f64a9c9926100a5010f3eac05ca792b55d9f450e9ba_1280-1807524-150x150.jpg",150,150,true],"medium":["https:\/\/excellenceup.es\/wp-content\/uploads\/2025\/10\/g109b9f7123ea69ee8b7847091d3e93ad11a124b9bb0ee7f4effbe0852eb56b120fe8521d699fa0890eea7f64a9c9926100a5010f3eac05ca792b55d9f450e9ba_1280-1807524-300x184.jpg",300,184,true],"medium_large":["https:\/\/excellenceup.es\/wp-content\/uploads\/2025\/10\/g109b9f7123ea69ee8b7847091d3e93ad11a124b9bb0ee7f4effbe0852eb56b120fe8521d699fa0890eea7f64a9c9926100a5010f3eac05ca792b55d9f450e9ba_1280-1807524-768x471.jpg",768,471,true],"large":["https:\/\/excellenceup.es\/wp-content\/uploads\/2025\/10\/g109b9f7123ea69ee8b7847091d3e93ad11a124b9bb0ee7f4effbe0852eb56b120fe8521d699fa0890eea7f64a9c9926100a5010f3eac05ca792b55d9f450e9ba_1280-1807524-1024x628.jpg",1024,628,true],"1536x1536":["https:\/\/excellenceup.es\/wp-content\/uploads\/2025\/10\/g109b9f7123ea69ee8b7847091d3e93ad11a124b9bb0ee7f4effbe0852eb56b120fe8521d699fa0890eea7f64a9c9926100a5010f3eac05ca792b55d9f450e9ba_1280-1807524.jpg",1280,785,false],"2048x2048":["https:\/\/excellenceup.es\/wp-content\/uploads\/2025\/10\/g109b9f7123ea69ee8b7847091d3e93ad11a124b9bb0ee7f4effbe0852eb56b120fe8521d699fa0890eea7f64a9c9926100a5010f3eac05ca792b55d9f450e9ba_1280-1807524.jpg",1280,785,false]},"uagb_author_info":{"display_name":"gemma.gasa@excellenceup.es","author_link":"https:\/\/excellenceup.es\/en\/author\/ggasacompanysgmail-com\/"},"uagb_comment_info":0,"uagb_excerpt":null,"rttpg_featured_image_url":{"full":["https:\/\/excellenceup.es\/wp-content\/uploads\/2025\/10\/g109b9f7123ea69ee8b7847091d3e93ad11a124b9bb0ee7f4effbe0852eb56b120fe8521d699fa0890eea7f64a9c9926100a5010f3eac05ca792b55d9f450e9ba_1280-1807524.jpg",1280,785,false],"landscape":["https:\/\/excellenceup.es\/wp-content\/uploads\/2025\/10\/g109b9f7123ea69ee8b7847091d3e93ad11a124b9bb0ee7f4effbe0852eb56b120fe8521d699fa0890eea7f64a9c9926100a5010f3eac05ca792b55d9f450e9ba_1280-1807524.jpg",1280,785,false],"portraits":["https:\/\/excellenceup.es\/wp-content\/uploads\/2025\/10\/g109b9f7123ea69ee8b7847091d3e93ad11a124b9bb0ee7f4effbe0852eb56b120fe8521d699fa0890eea7f64a9c9926100a5010f3eac05ca792b55d9f450e9ba_1280-1807524.jpg",1280,785,false],"thumbnail":["https:\/\/excellenceup.es\/wp-content\/uploads\/2025\/10\/g109b9f7123ea69ee8b7847091d3e93ad11a124b9bb0ee7f4effbe0852eb56b120fe8521d699fa0890eea7f64a9c9926100a5010f3eac05ca792b55d9f450e9ba_1280-1807524-150x150.jpg",150,150,true],"medium":["https:\/\/excellenceup.es\/wp-content\/uploads\/2025\/10\/g109b9f7123ea69ee8b7847091d3e93ad11a124b9bb0ee7f4effbe0852eb56b120fe8521d699fa0890eea7f64a9c9926100a5010f3eac05ca792b55d9f450e9ba_1280-1807524-300x184.jpg",300,184,true],"large":["https:\/\/excellenceup.es\/wp-content\/uploads\/2025\/10\/g109b9f7123ea69ee8b7847091d3e93ad11a124b9bb0ee7f4effbe0852eb56b120fe8521d699fa0890eea7f64a9c9926100a5010f3eac05ca792b55d9f450e9ba_1280-1807524-1024x628.jpg",1024,628,true],"1536x1536":["https:\/\/excellenceup.es\/wp-content\/uploads\/2025\/10\/g109b9f7123ea69ee8b7847091d3e93ad11a124b9bb0ee7f4effbe0852eb56b120fe8521d699fa0890eea7f64a9c9926100a5010f3eac05ca792b55d9f450e9ba_1280-1807524.jpg",1280,785,false],"2048x2048":["https:\/\/excellenceup.es\/wp-content\/uploads\/2025\/10\/g109b9f7123ea69ee8b7847091d3e93ad11a124b9bb0ee7f4effbe0852eb56b120fe8521d699fa0890eea7f64a9c9926100a5010f3eac05ca792b55d9f450e9ba_1280-1807524.jpg",1280,785,false]},"rttpg_author":{"display_name":"gemma.gasa@excellenceup.es","author_link":"https:\/\/excellenceup.es\/en\/author\/ggasacompanysgmail-com\/"},"rttpg_comment":0,"rttpg_category":null,"rttpg_excerpt":null,"_links":{"self":[{"href":"https:\/\/excellenceup.es\/en\/wp-json\/wp\/v2\/pages\/624","targetHints":{"allow":["GET"]}}],"collection":[{"href":"https:\/\/excellenceup.es\/en\/wp-json\/wp\/v2\/pages"}],"about":[{"href":"https:\/\/excellenceup.es\/en\/wp-json\/wp\/v2\/types\/page"}],"author":[{"embeddable":true,"href":"https:\/\/excellenceup.es\/en\/wp-json\/wp\/v2\/users\/1"}],"replies":[{"embeddable":true,"href":"https:\/\/excellenceup.es\/en\/wp-json\/wp\/v2\/comments?post=624"}],"version-history":[{"count":41,"href":"https:\/\/excellenceup.es\/en\/wp-json\/wp\/v2\/pages\/624\/revisions"}],"predecessor-version":[{"id":7776,"href":"https:\/\/excellenceup.es\/en\/wp-json\/wp\/v2\/pages\/624\/revisions\/7776"}],"wp:featuredmedia":[{"embeddable":true,"href":"https:\/\/excellenceup.es\/en\/wp-json\/wp\/v2\/media\/7710"}],"wp:attachment":[{"href":"https:\/\/excellenceup.es\/en\/wp-json\/wp\/v2\/media?parent=624"}],"curies":[{"name":"wp","href":"https:\/\/api.w.org\/{rel}","templated":true}]}}