{"id":7586,"date":"2025-01-22T16:34:08","date_gmt":"2025-01-22T16:34:08","guid":{"rendered":"https:\/\/excellenceup.es\/?page_id=7586"},"modified":"2025-10-27T16:23:40","modified_gmt":"2025-10-27T16:23:40","slug":"politica-privacidad","status":"publish","type":"page","link":"https:\/\/excellenceup.es\/en\/politica-privacidad\/","title":{"rendered":""},"content":{"rendered":"\n<div class=\"wp-block-uagb-container uagb-block-98972558 alignfull uagb-is-root-container\"><div class=\"uagb-container-inner-blocks-wrap\">\n<div class=\"wp-block-uagb-advanced-heading uagb-block-ab811dad\"><h2 class=\"uagb-heading-text\"><strong>Pol\u00edtica Privacidad<\/strong><\/h2><\/div>\n\n\n\n<p><\/p>\n<\/div><\/div>\n\n\n\n<h4 class=\"wp-block-heading\">1. <strong>Identidad del Responsable del Tratamiento<\/strong><\/h4>\n\n\n\n<ul class=\"wp-block-list\">\n<li>Responsable: Gemma Gasa<\/li>\n\n\n\n<li>NIF: 43725659Z<\/li>\n\n\n\n<li>Correo electr\u00f3nico: gemma.gasa@excellenceup.es<\/li>\n<\/ul>\n\n\n\n<h4 class=\"wp-block-heading\">2. <strong>Finalidad del Tratamiento de Datos<\/strong><\/h4>\n\n\n\n<p>Recopilamos y tratamos datos personales para:<\/p>\n\n\n\n<ul class=\"wp-block-list\">\n<li>Gestionar consultas realizadas a trav\u00e9s del formulario de comentarios de la secci\u00f3n del blog.<\/li>\n\n\n\n<li>Enviar informaci\u00f3n relacionada con actividades si se solicita expresamente.<\/li>\n\n\n\n<li>Cumplir obligaciones legales.<\/li>\n<\/ul>\n\n\n\n<h4 class=\"wp-block-heading\">3. <strong>Legitimaci\u00f3n para el Tratamiento de Datos<\/strong><\/h4>\n\n\n\n<p>El tratamiento de datos personales se basa en el consentimiento del usuario, que se otorga al aceptar expresamente esta pol\u00edtica de privacidad al interactuar con nuestra web o servicios.<\/p>\n\n\n\n<h4 class=\"wp-block-heading\">4. <strong>Conservaci\u00f3n de los Datos<\/strong><\/h4>\n\n\n\n<p>Tus datos se conservar\u00e1n durante el tiempo necesario para cumplir con la finalidad para la que se recogieron o para cumplir con las obligaciones legales correspondientes.<\/p>\n\n\n\n<h4 class=\"wp-block-heading\">5. <strong>Destinatarios de los Datos<\/strong><\/h4>\n\n\n\n<p>No compartir\u00e9 tus datos con terceros, salvo obligaci\u00f3n legal o si es necesario para prestar el servicio solicitado.<\/p>\n\n\n\n<h4 class=\"wp-block-heading\">6. <strong>Derechos de los Usuarios<\/strong><\/h4>\n\n\n\n<p>Como usuario, tienes derecho a:<\/p>\n\n\n\n<ul class=\"wp-block-list\">\n<li>Acceder, rectificar o suprimir tus datos.<\/li>\n\n\n\n<li>Limitar u oponerte al tratamiento de tus datos.<\/li>\n\n\n\n<li>Solicitar la portabilidad de tus datos.<\/li>\n\n\n\n<li>Retirar tu consentimiento en cualquier momento.<\/li>\n\n\n\n<li>Presentar una reclamaci\u00f3n ante la Agencia Espa\u00f1ola de Protecci\u00f3n de Datos (AEPD).<\/li>\n<\/ul>\n\n\n\n<p>Puedes ejercer estos derechos enviando un correo electr\u00f3nico a gemma.gasa@excellenceup.es<\/p>\n\n\n\n<h4 class=\"wp-block-heading\">7. <strong>Seguridad de los Datos<\/strong><\/h4>\n\n\n\n<p>Implementamos medidas t\u00e9cnicas y organizativas adecuadas para garantizar la seguridad de tus datos personales y evitar su p\u00e9rdida, acceso no autorizado o uso indebido.<\/p>\n","protected":false},"excerpt":{"rendered":"<p>Pol\u00edtica Privacidad 1. Identidad del Responsable del Tratamiento 2. Finalidad del Tratamiento de Datos Recopilamos y tratamos datos personales para: [&hellip;]<\/p>\n","protected":false},"author":1,"featured_media":0,"parent":0,"menu_order":0,"comment_status":"closed","ping_status":"closed","template":"","meta":{"_uag_custom_page_level_css":"","site-sidebar-layout":"default","site-content-layout":"","ast-site-content-layout":"default","site-content-style":"default","site-sidebar-style":"default","ast-global-header-display":"","ast-banner-title-visibility":"","ast-main-header-display":"","ast-hfb-above-header-display":"","ast-hfb-below-header-display":"","ast-hfb-mobile-header-display":"","site-post-title":"","ast-breadcrumbs-content":"","ast-featured-img":"disabled","footer-sml-layout":"","theme-transparent-header-meta":"","adv-header-id-meta":"","stick-header-meta":"","header-above-stick-meta":"","header-main-stick-meta":"","header-below-stick-meta":"","astra-migrate-meta-layouts":"set","ast-page-background-enabled":"default","ast-page-background-meta":{"desktop":{"background-color":"","background-image":"","background-repeat":"repeat","background-position":"center center","background-size":"auto","background-attachment":"scroll","background-type":"","background-media":"","overlay-type":"","overlay-color":"","overlay-opacity":"","overlay-gradient":""},"tablet":{"background-color":"","background-image":"","background-repeat":"repeat","background-position":"center center","background-size":"auto","background-attachment":"scroll","background-type":"","background-media":"","overlay-type":"","overlay-color":"","overlay-opacity":"","overlay-gradient":""},"mobile":{"background-color":"","background-image":"","background-repeat":"repeat","background-position":"center center","background-size":"auto","background-attachment":"scroll","background-type":"","background-media":"","overlay-type":"","overlay-color":"","overlay-opacity":"","overlay-gradient":""}},"ast-content-background-meta":{"desktop":{"background-color":"var(--ast-global-color-5)","background-image":"","background-repeat":"repeat","background-position":"center center","background-size":"auto","background-attachment":"scroll","background-type":"","background-media":"","overlay-type":"","overlay-color":"","overlay-opacity":"","overlay-gradient":""},"tablet":{"background-color":"var(--ast-global-color-5)","background-image":"","background-repeat":"repeat","background-position":"center center","background-size":"auto","background-attachment":"scroll","background-type":"","background-media":"","overlay-type":"","overlay-color":"","overlay-opacity":"","overlay-gradient":""},"mobile":{"background-color":"var(--ast-global-color-5)","background-image":"","background-repeat":"repeat","background-position":"center center","background-size":"auto","background-attachment":"scroll","background-type":"","background-media":"","overlay-type":"","overlay-color":"","overlay-opacity":"","overlay-gradient":""}},"footnotes":""},"class_list":["post-7586","page","type-page","status-publish","hentry"],"yoast_head":"<!-- This site is optimized with the Yoast SEO plugin v26.4 - https:\/\/yoast.com\/wordpress\/plugins\/seo\/ -->\n<title>- excellenceup.es<\/title>\n<meta name=\"description\" content=\"Pol\u00edtica de privacidad de la p\u00e1gina web ProQualityCoach\" \/>\n<meta name=\"robots\" content=\"index, follow, max-snippet:-1, max-image-preview:large, max-video-preview:-1\" \/>\n<link rel=\"canonical\" href=\"https:\/\/excellenceup.es\/en\/politica-privacidad\/\" \/>\n<meta property=\"og:locale\" content=\"en_GB\" \/>\n<meta property=\"og:locale:alternate\" content=\"es_ES\" \/>\n<meta property=\"og:type\" content=\"article\" \/>\n<meta property=\"og:title\" content=\"- excellenceup.es\" \/>\n<meta property=\"og:description\" content=\"Pol\u00edtica de privacidad de la p\u00e1gina web ProQualityCoach\" \/>\n<meta property=\"og:url\" content=\"https:\/\/excellenceup.es\/en\/politica-privacidad\/\" \/>\n<meta property=\"og:site_name\" content=\"excellenceup.es\" \/>\n<meta property=\"article:modified_time\" content=\"2025-10-27T16:23:40+00:00\" \/>\n<meta name=\"twitter:card\" content=\"summary_large_image\" \/>\n<meta name=\"twitter:site\" content=\"@gemmagasa\" \/>\n<meta name=\"twitter:label1\" content=\"Estimated reading time\" \/>\n\t<meta name=\"twitter:data1\" content=\"2 minutes\" \/>\n<script type=\"application\/ld+json\" class=\"yoast-schema-graph\">{\"@context\":\"https:\/\/schema.org\",\"@graph\":[{\"@type\":\"WebPage\",\"@id\":\"https:\/\/excellenceup.es\/politica-privacidad\/\",\"url\":\"https:\/\/excellenceup.es\/politica-privacidad\/\",\"name\":\"- excellenceup.es\",\"isPartOf\":{\"@id\":\"https:\/\/excellenceup.es\/#website\"},\"datePublished\":\"2025-01-22T16:34:08+00:00\",\"dateModified\":\"2025-10-27T16:23:40+00:00\",\"description\":\"Pol\u00edtica de privacidad de la p\u00e1gina web ProQualityCoach\",\"inLanguage\":\"en-GB\",\"potentialAction\":[{\"@type\":\"ReadAction\",\"target\":[\"https:\/\/excellenceup.es\/politica-privacidad\/\"]}]},{\"@type\":\"WebSite\",\"@id\":\"https:\/\/excellenceup.es\/#website\",\"url\":\"https:\/\/excellenceup.es\/\",\"name\":\"excellenceup.es\",\"description\":\"Coach en Gesti\u00f3n de Calidad\",\"publisher\":{\"@id\":\"https:\/\/excellenceup.es\/#\/schema\/person\/3b59ca4f862283a74c7ee67c64dbfe77\"},\"alternateName\":\"GemmaGasa\",\"potentialAction\":[{\"@type\":\"SearchAction\",\"target\":{\"@type\":\"EntryPoint\",\"urlTemplate\":\"https:\/\/excellenceup.es\/?s={search_term_string}\"},\"query-input\":{\"@type\":\"PropertyValueSpecification\",\"valueRequired\":true,\"valueName\":\"search_term_string\"}}],\"inLanguage\":\"en-GB\"},{\"@type\":[\"Person\",\"Organization\"],\"@id\":\"https:\/\/excellenceup.es\/#\/schema\/person\/3b59ca4f862283a74c7ee67c64dbfe77\",\"name\":\"gemma.gasa@excellenceup.es\",\"image\":{\"@type\":\"ImageObject\",\"inLanguage\":\"en-GB\",\"@id\":\"https:\/\/excellenceup.es\/#\/schema\/person\/image\/\",\"url\":\"https:\/\/excellenceup.es\/wp-content\/uploads\/2025\/10\/cropped-Logo-ExcelleceUP-1.png\",\"contentUrl\":\"https:\/\/excellenceup.es\/wp-content\/uploads\/2025\/10\/cropped-Logo-ExcelleceUP-1.png\",\"width\":310,\"height\":194,\"caption\":\"gemma.gasa@excellenceup.es\"},\"logo\":{\"@id\":\"https:\/\/excellenceup.es\/#\/schema\/person\/image\/\"},\"sameAs\":[\"http:\/\/excellenceup.es\"]}]}<\/script>\n<!-- \/ Yoast SEO plugin. -->","yoast_head_json":{"title":"- excellenceup.es","description":"Pol\u00edtica de privacidad de la p\u00e1gina web ProQualityCoach","robots":{"index":"index","follow":"follow","max-snippet":"max-snippet:-1","max-image-preview":"max-image-preview:large","max-video-preview":"max-video-preview:-1"},"canonical":"https:\/\/excellenceup.es\/en\/politica-privacidad\/","og_locale":"en_GB","og_type":"article","og_title":"- excellenceup.es","og_description":"Pol\u00edtica de privacidad de la p\u00e1gina web ProQualityCoach","og_url":"https:\/\/excellenceup.es\/en\/politica-privacidad\/","og_site_name":"excellenceup.es","article_modified_time":"2025-10-27T16:23:40+00:00","twitter_card":"summary_large_image","twitter_site":"@gemmagasa","twitter_misc":{"Estimated reading time":"2 minutes"},"schema":{"@context":"https:\/\/schema.org","@graph":[{"@type":"WebPage","@id":"https:\/\/excellenceup.es\/politica-privacidad\/","url":"https:\/\/excellenceup.es\/politica-privacidad\/","name":"- excellenceup.es","isPartOf":{"@id":"https:\/\/excellenceup.es\/#website"},"datePublished":"2025-01-22T16:34:08+00:00","dateModified":"2025-10-27T16:23:40+00:00","description":"Pol\u00edtica de privacidad de la p\u00e1gina web ProQualityCoach","inLanguage":"en-GB","potentialAction":[{"@type":"ReadAction","target":["https:\/\/excellenceup.es\/politica-privacidad\/"]}]},{"@type":"WebSite","@id":"https:\/\/excellenceup.es\/#website","url":"https:\/\/excellenceup.es\/","name":"excellenceup.es","description":"Coach en Gesti\u00f3n de Calidad","publisher":{"@id":"https:\/\/excellenceup.es\/#\/schema\/person\/3b59ca4f862283a74c7ee67c64dbfe77"},"alternateName":"GemmaGasa","potentialAction":[{"@type":"SearchAction","target":{"@type":"EntryPoint","urlTemplate":"https:\/\/excellenceup.es\/?s={search_term_string}"},"query-input":{"@type":"PropertyValueSpecification","valueRequired":true,"valueName":"search_term_string"}}],"inLanguage":"en-GB"},{"@type":["Person","Organization"],"@id":"https:\/\/excellenceup.es\/#\/schema\/person\/3b59ca4f862283a74c7ee67c64dbfe77","name":"gemma.gasa@excellenceup.es","image":{"@type":"ImageObject","inLanguage":"en-GB","@id":"https:\/\/excellenceup.es\/#\/schema\/person\/image\/","url":"https:\/\/excellenceup.es\/wp-content\/uploads\/2025\/10\/cropped-Logo-ExcelleceUP-1.png","contentUrl":"https:\/\/excellenceup.es\/wp-content\/uploads\/2025\/10\/cropped-Logo-ExcelleceUP-1.png","width":310,"height":194,"caption":"gemma.gasa@excellenceup.es"},"logo":{"@id":"https:\/\/excellenceup.es\/#\/schema\/person\/image\/"},"sameAs":["http:\/\/excellenceup.es"]}]}},"uagb_featured_image_src":{"full":false,"thumbnail":false,"medium":false,"medium_large":false,"large":false,"1536x1536":false,"2048x2048":false},"uagb_author_info":{"display_name":"gemma.gasa@excellenceup.es","author_link":"https:\/\/excellenceup.es\/en\/author\/ggasacompanysgmail-com\/"},"uagb_comment_info":0,"uagb_excerpt":"Pol\u00edtica Privacidad 1. Identidad del Responsable del Tratamiento 2. Finalidad del Tratamiento de Datos Recopilamos y tratamos datos personales para: [&hellip;]","rttpg_featured_image_url":null,"rttpg_author":{"display_name":"gemma.gasa@excellenceup.es","author_link":"https:\/\/excellenceup.es\/en\/author\/ggasacompanysgmail-com\/"},"rttpg_comment":0,"rttpg_category":null,"rttpg_excerpt":"Pol\u00edtica Privacidad 1. Identidad del Responsable del Tratamiento 2. Finalidad del Tratamiento de Datos Recopilamos y tratamos datos personales para: [&hellip;]","_links":{"self":[{"href":"https:\/\/excellenceup.es\/en\/wp-json\/wp\/v2\/pages\/7586","targetHints":{"allow":["GET"]}}],"collection":[{"href":"https:\/\/excellenceup.es\/en\/wp-json\/wp\/v2\/pages"}],"about":[{"href":"https:\/\/excellenceup.es\/en\/wp-json\/wp\/v2\/types\/page"}],"author":[{"embeddable":true,"href":"https:\/\/excellenceup.es\/en\/wp-json\/wp\/v2\/users\/1"}],"replies":[{"embeddable":true,"href":"https:\/\/excellenceup.es\/en\/wp-json\/wp\/v2\/comments?post=7586"}],"version-history":[{"count":3,"href":"https:\/\/excellenceup.es\/en\/wp-json\/wp\/v2\/pages\/7586\/revisions"}],"predecessor-version":[{"id":7784,"href":"https:\/\/excellenceup.es\/en\/wp-json\/wp\/v2\/pages\/7586\/revisions\/7784"}],"wp:attachment":[{"href":"https:\/\/excellenceup.es\/en\/wp-json\/wp\/v2\/media?parent=7586"}],"curies":[{"name":"wp","href":"https:\/\/api.w.org\/{rel}","templated":true}]}}