{"id":7589,"date":"2025-10-27T16:16:50","date_gmt":"2025-10-27T16:16:50","guid":{"rendered":"https:\/\/excellenceup.es\/?page_id=7589"},"modified":"2025-10-27T16:23:18","modified_gmt":"2025-10-27T16:23:18","slug":"aviso-legal","status":"publish","type":"page","link":"https:\/\/excellenceup.es\/en\/aviso-legal\/","title":{"rendered":""},"content":{"rendered":"\n<div class=\"wp-block-uagb-container uagb-block-1f1024f4 alignfull uagb-is-root-container\"><div class=\"uagb-container-inner-blocks-wrap\">\n<div class=\"wp-block-uagb-advanced-heading uagb-block-3ea88f04\"><h2 class=\"uagb-heading-text\"><strong>Aviso Legal<\/strong><\/h2><\/div>\n\n\n\n<h4 class=\"wp-block-heading\">1. <strong>Datos Identificativos del Responsable del Sitio Web<\/strong><\/h4>\n\n\n\n<p>De acuerdo con lo dispuesto en el art\u00edculo 10 de la Ley 34\/2002, de 11 de julio, de Servicios de la Sociedad de la Informaci\u00f3n y Comercio Electr\u00f3nico (LSSI-CE), se informa de los siguientes datos:<\/p>\n\n\n\n<ul class=\"wp-block-list\">\n<li>Titular: Gemma Gasa<\/li>\n\n\n\n<li>Correo electr\u00f3nico: gemma.gasa@excellenceup.es<\/li>\n<\/ul>\n\n\n\n<h4 class=\"wp-block-heading\">2. <strong>Condiciones de Uso<\/strong><\/h4>\n\n\n\n<p>El acceso y uso del sitio web confiere la condici\u00f3n de usuario, implicando la aceptaci\u00f3n plena de estas condiciones.<\/p>\n\n\n\n<p>El usuario se compromete a utilizar el sitio web de conformidad con la ley, la moral, el orden p\u00fablico y estas condiciones.<\/p>\n\n\n\n<h4 class=\"wp-block-heading\">3. <strong>Propiedad Intelectual e Industrial<\/strong><\/h4>\n\n\n\n<p>Todos los contenidos del sitio web (textos, im\u00e1genes, logotipos, dise\u00f1os, etc.) son propiedad exclusiva del titular del sitio web o cuentan con autorizaci\u00f3n para su uso. Queda prohibida su reproducci\u00f3n, distribuci\u00f3n o transformaci\u00f3n sin autorizaci\u00f3n previa y expresa.<\/p>\n\n\n\n<h4 class=\"wp-block-heading\">4. <strong>Exclusi\u00f3n de Responsabilidad<\/strong><\/h4>\n\n\n\n<p>El titular no se hace responsable de los da\u00f1os o perjuicios que pudieran derivarse de:<\/p>\n\n\n\n<ul class=\"wp-block-list\">\n<li>Errores u omisiones en los contenidos.<\/li>\n\n\n\n<li>Falta de disponibilidad del sitio web.<\/li>\n\n\n\n<li>Transmisi\u00f3n de virus o programas maliciosos.<\/li>\n<\/ul>\n\n\n\n<h4 class=\"wp-block-heading\">5. <strong>Enlaces Externos<\/strong><\/h4>\n\n\n\n<p>El sitio web puede incluir enlaces a otros sitios web de terceros. El titular no asume ninguna responsabilidad por el contenido o pol\u00edticas de privacidad de dichos sitios externos.<\/p>\n\n\n\n<h4 class=\"wp-block-heading\">6. <strong>Legislaci\u00f3n Aplicable y Jurisdicci\u00f3n<\/strong><\/h4>\n\n\n\n<p>La relaci\u00f3n entre el titular del sitio web y el usuario se regir\u00e1 por la normativa espa\u00f1ola vigente. Cualquier disputa se someter\u00e1 a los juzgados y tribunales de Espa\u00f1a.<\/p>\n<\/div><\/div>\n","protected":false},"excerpt":{"rendered":"<p>Aviso Legal 1. Datos Identificativos del Responsable del Sitio Web De acuerdo con lo dispuesto en el art\u00edculo 10 de [&hellip;]<\/p>\n","protected":false},"author":1,"featured_media":0,"parent":0,"menu_order":0,"comment_status":"closed","ping_status":"closed","template":"","meta":{"_uag_custom_page_level_css":"","site-sidebar-layout":"default","site-content-layout":"","ast-site-content-layout":"default","site-content-style":"default","site-sidebar-style":"default","ast-global-header-display":"","ast-banner-title-visibility":"","ast-main-header-display":"","ast-hfb-above-header-display":"","ast-hfb-below-header-display":"","ast-hfb-mobile-header-display":"","site-post-title":"","ast-breadcrumbs-content":"","ast-featured-img":"","footer-sml-layout":"","theme-transparent-header-meta":"","adv-header-id-meta":"","stick-header-meta":"","header-above-stick-meta":"","header-main-stick-meta":"","header-below-stick-meta":"","astra-migrate-meta-layouts":"set","ast-page-background-enabled":"default","ast-page-background-meta":{"desktop":{"background-color":"","background-image":"","background-repeat":"repeat","background-position":"center center","background-size":"auto","background-attachment":"scroll","background-type":"","background-media":"","overlay-type":"","overlay-color":"","overlay-opacity":"","overlay-gradient":""},"tablet":{"background-color":"","background-image":"","background-repeat":"repeat","background-position":"center center","background-size":"auto","background-attachment":"scroll","background-type":"","background-media":"","overlay-type":"","overlay-color":"","overlay-opacity":"","overlay-gradient":""},"mobile":{"background-color":"","background-image":"","background-repeat":"repeat","background-position":"center center","background-size":"auto","background-attachment":"scroll","background-type":"","background-media":"","overlay-type":"","overlay-color":"","overlay-opacity":"","overlay-gradient":""}},"ast-content-background-meta":{"desktop":{"background-color":"var(--ast-global-color-5)","background-image":"","background-repeat":"repeat","background-position":"center center","background-size":"auto","background-attachment":"scroll","background-type":"","background-media":"","overlay-type":"","overlay-color":"","overlay-opacity":"","overlay-gradient":""},"tablet":{"background-color":"var(--ast-global-color-5)","background-image":"","background-repeat":"repeat","background-position":"center center","background-size":"auto","background-attachment":"scroll","background-type":"","background-media":"","overlay-type":"","overlay-color":"","overlay-opacity":"","overlay-gradient":""},"mobile":{"background-color":"var(--ast-global-color-5)","background-image":"","background-repeat":"repeat","background-position":"center center","background-size":"auto","background-attachment":"scroll","background-type":"","background-media":"","overlay-type":"","overlay-color":"","overlay-opacity":"","overlay-gradient":""}},"footnotes":""},"class_list":["post-7589","page","type-page","status-publish","hentry"],"yoast_head":"<!-- This site is optimized with the Yoast SEO plugin v26.4 - https:\/\/yoast.com\/wordpress\/plugins\/seo\/ -->\n<title>- excellenceup.es<\/title>\n<meta name=\"description\" content=\"Transforma la gesti\u00f3n de calidad de tu empresa con coaching y formaci\u00f3n personalizada. Implementa sistemas eficientes y humanos para lograr la excelencia. \u00a1Descubre m\u00e1s!\" \/>\n<meta name=\"robots\" content=\"index, follow, max-snippet:-1, max-image-preview:large, max-video-preview:-1\" \/>\n<link rel=\"canonical\" href=\"https:\/\/excellenceup.es\/en\/aviso-legal\/\" \/>\n<meta property=\"og:locale\" content=\"en_GB\" \/>\n<meta property=\"og:locale:alternate\" content=\"es_ES\" \/>\n<meta property=\"og:type\" content=\"article\" \/>\n<meta property=\"og:title\" content=\"- excellenceup.es\" \/>\n<meta property=\"og:description\" content=\"Transforma la gesti\u00f3n de calidad de tu empresa con coaching y formaci\u00f3n personalizada. Implementa sistemas eficientes y humanos para lograr la excelencia. \u00a1Descubre m\u00e1s!\" \/>\n<meta property=\"og:url\" content=\"https:\/\/excellenceup.es\/en\/aviso-legal\/\" \/>\n<meta property=\"og:site_name\" content=\"excellenceup.es\" \/>\n<meta property=\"article:modified_time\" content=\"2025-10-27T16:23:18+00:00\" \/>\n<meta name=\"twitter:card\" content=\"summary_large_image\" \/>\n<meta name=\"twitter:site\" content=\"@gemmagasa\" \/>\n<meta name=\"twitter:label1\" content=\"Estimated reading time\" \/>\n\t<meta name=\"twitter:data1\" content=\"2 minutes\" \/>\n<script type=\"application\/ld+json\" class=\"yoast-schema-graph\">{\"@context\":\"https:\/\/schema.org\",\"@graph\":[{\"@type\":\"WebPage\",\"@id\":\"https:\/\/excellenceup.es\/aviso-legal\/\",\"url\":\"https:\/\/excellenceup.es\/aviso-legal\/\",\"name\":\"- excellenceup.es\",\"isPartOf\":{\"@id\":\"https:\/\/excellenceup.es\/#website\"},\"datePublished\":\"2025-10-27T16:16:50+00:00\",\"dateModified\":\"2025-10-27T16:23:18+00:00\",\"description\":\"Transforma la gesti\u00f3n de calidad de tu empresa con coaching y formaci\u00f3n personalizada. Implementa sistemas eficientes y humanos para lograr la excelencia. \u00a1Descubre m\u00e1s!\",\"inLanguage\":\"en-GB\",\"potentialAction\":[{\"@type\":\"ReadAction\",\"target\":[\"https:\/\/excellenceup.es\/aviso-legal\/\"]}]},{\"@type\":\"WebSite\",\"@id\":\"https:\/\/excellenceup.es\/#website\",\"url\":\"https:\/\/excellenceup.es\/\",\"name\":\"excellenceup.es\",\"description\":\"Coach en Gesti\u00f3n de Calidad\",\"publisher\":{\"@id\":\"https:\/\/excellenceup.es\/#\/schema\/person\/3b59ca4f862283a74c7ee67c64dbfe77\"},\"alternateName\":\"GemmaGasa\",\"potentialAction\":[{\"@type\":\"SearchAction\",\"target\":{\"@type\":\"EntryPoint\",\"urlTemplate\":\"https:\/\/excellenceup.es\/?s={search_term_string}\"},\"query-input\":{\"@type\":\"PropertyValueSpecification\",\"valueRequired\":true,\"valueName\":\"search_term_string\"}}],\"inLanguage\":\"en-GB\"},{\"@type\":[\"Person\",\"Organization\"],\"@id\":\"https:\/\/excellenceup.es\/#\/schema\/person\/3b59ca4f862283a74c7ee67c64dbfe77\",\"name\":\"gemma.gasa@excellenceup.es\",\"image\":{\"@type\":\"ImageObject\",\"inLanguage\":\"en-GB\",\"@id\":\"https:\/\/excellenceup.es\/#\/schema\/person\/image\/\",\"url\":\"https:\/\/excellenceup.es\/wp-content\/uploads\/2025\/10\/cropped-Logo-ExcelleceUP-1.png\",\"contentUrl\":\"https:\/\/excellenceup.es\/wp-content\/uploads\/2025\/10\/cropped-Logo-ExcelleceUP-1.png\",\"width\":310,\"height\":194,\"caption\":\"gemma.gasa@excellenceup.es\"},\"logo\":{\"@id\":\"https:\/\/excellenceup.es\/#\/schema\/person\/image\/\"},\"sameAs\":[\"http:\/\/excellenceup.es\"]}]}<\/script>\n<!-- \/ Yoast SEO plugin. -->","yoast_head_json":{"title":"- excellenceup.es","description":"Transforma la gesti\u00f3n de calidad de tu empresa con coaching y formaci\u00f3n personalizada. Implementa sistemas eficientes y humanos para lograr la excelencia. \u00a1Descubre m\u00e1s!","robots":{"index":"index","follow":"follow","max-snippet":"max-snippet:-1","max-image-preview":"max-image-preview:large","max-video-preview":"max-video-preview:-1"},"canonical":"https:\/\/excellenceup.es\/en\/aviso-legal\/","og_locale":"en_GB","og_type":"article","og_title":"- excellenceup.es","og_description":"Transforma la gesti\u00f3n de calidad de tu empresa con coaching y formaci\u00f3n personalizada. Implementa sistemas eficientes y humanos para lograr la excelencia. \u00a1Descubre m\u00e1s!","og_url":"https:\/\/excellenceup.es\/en\/aviso-legal\/","og_site_name":"excellenceup.es","article_modified_time":"2025-10-27T16:23:18+00:00","twitter_card":"summary_large_image","twitter_site":"@gemmagasa","twitter_misc":{"Estimated reading time":"2 minutes"},"schema":{"@context":"https:\/\/schema.org","@graph":[{"@type":"WebPage","@id":"https:\/\/excellenceup.es\/aviso-legal\/","url":"https:\/\/excellenceup.es\/aviso-legal\/","name":"- excellenceup.es","isPartOf":{"@id":"https:\/\/excellenceup.es\/#website"},"datePublished":"2025-10-27T16:16:50+00:00","dateModified":"2025-10-27T16:23:18+00:00","description":"Transforma la gesti\u00f3n de calidad de tu empresa con coaching y formaci\u00f3n personalizada. Implementa sistemas eficientes y humanos para lograr la excelencia. \u00a1Descubre m\u00e1s!","inLanguage":"en-GB","potentialAction":[{"@type":"ReadAction","target":["https:\/\/excellenceup.es\/aviso-legal\/"]}]},{"@type":"WebSite","@id":"https:\/\/excellenceup.es\/#website","url":"https:\/\/excellenceup.es\/","name":"excellenceup.es","description":"Coach en Gesti\u00f3n de Calidad","publisher":{"@id":"https:\/\/excellenceup.es\/#\/schema\/person\/3b59ca4f862283a74c7ee67c64dbfe77"},"alternateName":"GemmaGasa","potentialAction":[{"@type":"SearchAction","target":{"@type":"EntryPoint","urlTemplate":"https:\/\/excellenceup.es\/?s={search_term_string}"},"query-input":{"@type":"PropertyValueSpecification","valueRequired":true,"valueName":"search_term_string"}}],"inLanguage":"en-GB"},{"@type":["Person","Organization"],"@id":"https:\/\/excellenceup.es\/#\/schema\/person\/3b59ca4f862283a74c7ee67c64dbfe77","name":"gemma.gasa@excellenceup.es","image":{"@type":"ImageObject","inLanguage":"en-GB","@id":"https:\/\/excellenceup.es\/#\/schema\/person\/image\/","url":"https:\/\/excellenceup.es\/wp-content\/uploads\/2025\/10\/cropped-Logo-ExcelleceUP-1.png","contentUrl":"https:\/\/excellenceup.es\/wp-content\/uploads\/2025\/10\/cropped-Logo-ExcelleceUP-1.png","width":310,"height":194,"caption":"gemma.gasa@excellenceup.es"},"logo":{"@id":"https:\/\/excellenceup.es\/#\/schema\/person\/image\/"},"sameAs":["http:\/\/excellenceup.es"]}]}},"uagb_featured_image_src":{"full":false,"thumbnail":false,"medium":false,"medium_large":false,"large":false,"1536x1536":false,"2048x2048":false},"uagb_author_info":{"display_name":"gemma.gasa@excellenceup.es","author_link":"https:\/\/excellenceup.es\/en\/author\/ggasacompanysgmail-com\/"},"uagb_comment_info":0,"uagb_excerpt":"Aviso Legal 1. Datos Identificativos del Responsable del Sitio Web De acuerdo con lo dispuesto en el art\u00edculo 10 de [&hellip;]","rttpg_featured_image_url":null,"rttpg_author":{"display_name":"gemma.gasa@excellenceup.es","author_link":"https:\/\/excellenceup.es\/en\/author\/ggasacompanysgmail-com\/"},"rttpg_comment":0,"rttpg_category":null,"rttpg_excerpt":"Aviso Legal 1. Datos Identificativos del Responsable del Sitio Web De acuerdo con lo dispuesto en el art\u00edculo 10 de [&hellip;]","_links":{"self":[{"href":"https:\/\/excellenceup.es\/en\/wp-json\/wp\/v2\/pages\/7589","targetHints":{"allow":["GET"]}}],"collection":[{"href":"https:\/\/excellenceup.es\/en\/wp-json\/wp\/v2\/pages"}],"about":[{"href":"https:\/\/excellenceup.es\/en\/wp-json\/wp\/v2\/types\/page"}],"author":[{"embeddable":true,"href":"https:\/\/excellenceup.es\/en\/wp-json\/wp\/v2\/users\/1"}],"replies":[{"embeddable":true,"href":"https:\/\/excellenceup.es\/en\/wp-json\/wp\/v2\/comments?post=7589"}],"version-history":[{"count":3,"href":"https:\/\/excellenceup.es\/en\/wp-json\/wp\/v2\/pages\/7589\/revisions"}],"predecessor-version":[{"id":7783,"href":"https:\/\/excellenceup.es\/en\/wp-json\/wp\/v2\/pages\/7589\/revisions\/7783"}],"wp:attachment":[{"href":"https:\/\/excellenceup.es\/en\/wp-json\/wp\/v2\/media?parent=7589"}],"curies":[{"name":"wp","href":"https:\/\/api.w.org\/{rel}","templated":true}]}}